{"id":708,"date":"2015-01-12T21:33:24","date_gmt":"2015-01-13T02:33:24","guid":{"rendered":"https:\/\/ciodigital.com\/?page_id=708"},"modified":"2018-06-30T00:01:48","modified_gmt":"2018-06-30T00:01:48","slug":"nosotros","status":"publish","type":"page","link":"https:\/\/ciodigital.com\/web\/nosotros\/","title":{"rendered":"Nosotros"},"content":{"rendered":"<div class=\"wpb-content-wrapper\"><p>[vc_row][vc_column][vc_column_text]<\/p>\n<h4>Cio digital dominios y hosting\u00a0 inicia en el a\u00f1o 2.006<\/h4>\n<p>Nuestro objetivo es brindar servicios de hosting en internet, con calidad y excelencia.<\/p>\n<h2>Misi\u00f3n:<\/h2>\n<p>Brindar opciones de servicios de hosting, dominios y tecnolog\u00eda para el mercado nacional e internacional.<\/p>\n<h2>Visi\u00f3n:<\/h2>\n<p>Ser l\u00edderes en servicio y soporte de nuestros clientes.<\/p>\n<p>&nbsp;<\/p>\n<p>Cio digital &#8211; Colombia<\/p>\n<p>&nbsp;<\/p>\n<p>Nuestros Aliados para brindar soluciones y servicios:<\/p>\n<p>&nbsp;<\/p>\n<p>&nbsp;<\/p>\n<p><a href=\"https:\/\/ciodigital.com\/wp-content\/uploads\/2015\/01\/rc-logo.png\"><img loading=\"lazy\" decoding=\"async\" class=\"aligncenter size-full wp-image-710\" src=\"https:\/\/ciodigital.com\/wp-content\/uploads\/2015\/01\/rc-logo.png\" alt=\"rc-logo\" width=\"295\" height=\"67\" \/><\/a><a href=\"https:\/\/ciodigital.com\/wp-content\/uploads\/2015\/01\/enom-logo-vps.png\"><img loading=\"lazy\" decoding=\"async\" class=\"aligncenter size-full wp-image-709\" src=\"https:\/\/ciodigital.com\/wp-content\/uploads\/2015\/01\/enom-logo-vps.png\" alt=\"enom-logo-vps\" width=\"220\" height=\"140\" \/><\/a>[\/vc_column_text][\/vc_column][\/vc_row]<\/p>\n<\/div>","protected":false},"excerpt":{"rendered":"<p>[vc_row][vc_column][vc_column_text] Cio digital dominios y hosting\u00a0 inicia en el a\u00f1o 2.006 Nuestro objetivo es brindar servicios de hosting en internet, con calidad y excelencia. Misi\u00f3n: Brindar opciones de servicios de hosting, dominios y tecnolog\u00eda para el mercado nacional e internacional. Visi\u00f3n: Ser l\u00edderes en servicio y soporte de nuestros clientes. &nbsp; Cio digital &#8211; Colombia<\/p>\n","protected":false},"author":1,"featured_media":0,"parent":0,"menu_order":0,"comment_status":"closed","ping_status":"closed","template":"","meta":{"footnotes":""},"class_list":["post-708","page","type-page","status-publish","hentry"],"amp_enabled":true,"_links":{"self":[{"href":"https:\/\/ciodigital.com\/web\/wp-json\/wp\/v2\/pages\/708","targetHints":{"allow":["GET"]}}],"collection":[{"href":"https:\/\/ciodigital.com\/web\/wp-json\/wp\/v2\/pages"}],"about":[{"href":"https:\/\/ciodigital.com\/web\/wp-json\/wp\/v2\/types\/page"}],"author":[{"embeddable":true,"href":"https:\/\/ciodigital.com\/web\/wp-json\/wp\/v2\/users\/1"}],"replies":[{"embeddable":true,"href":"https:\/\/ciodigital.com\/web\/wp-json\/wp\/v2\/comments?post=708"}],"version-history":[{"count":10,"href":"https:\/\/ciodigital.com\/web\/wp-json\/wp\/v2\/pages\/708\/revisions"}],"predecessor-version":[{"id":3541,"href":"https:\/\/ciodigital.com\/web\/wp-json\/wp\/v2\/pages\/708\/revisions\/3541"}],"wp:attachment":[{"href":"https:\/\/ciodigital.com\/web\/wp-json\/wp\/v2\/media?parent=708"}],"curies":[{"name":"wp","href":"https:\/\/api.w.org\/{rel}","templated":true}]}}